{"id":3453,"date":"2019-01-15T06:47:51","date_gmt":"2019-01-15T06:47:51","guid":{"rendered":"http:\/\/thaisun.pl\/?page_id=3453"},"modified":"2019-01-15T06:49:11","modified_gmt":"2019-01-15T06:49:11","slug":"cookies","status":"publish","type":"page","link":"https:\/\/new.thaisun.pl\/en\/cookies\/","title":{"rendered":"Cookies"},"content":{"rendered":"<div class=\"vce-row-container\"><div class=\"vce-row vce-element--has-background vce-row--col-gap-30 vce-row-columns--top vce-row-content--top\" data-vce-full-width=\"true\" id=\"el-ca879ffd\" data-vce-do-apply=\"all el-ca879ffd\"><div class=\"vce-content-background-container\"><div class=\"vce-asset-background-simple-container vce-visible-all-only vce-asset-background-simple--style-cover vce-asset-background-simple--position-center-top\"><div class=\"vce-asset-background-simple\"><div class=\"vce-asset-background-simple-item\" style=\"background-image: url('https:\/\/new.thaisun.pl\/wp-content\/uploads\/2018\/11\/siec-salonow-masazu-thaisun.jpg');\"><\/div><div class=\"vce-asset-background-simple-item\" style=\"background-image: url('https:\/\/new.thaisun.pl\/wp-content\/uploads\/2018\/11\/bambus-2.jpg');\"><\/div><\/div><\/div><\/div><div class=\"vce-row-content\" data-vce-element-content=\"true\" style=\"padding-left: 150px; padding-right: 150px;\"><div class=\"vce-col vce-col--md-auto vce-col--xs-1 vce-col--xs-last vce-col--xs-first vce-col--sm-last vce-col--sm-first vce-col--md-last vce-col--lg-last vce-col--xl-last vce-col--md-first vce-col--lg-first vce-col--xl-first\" id=\"el-17948927\" data-vce-do-apply=\"background border el-17948927\"><div class=\"vce-col-inner\" data-vce-element-content=\"true\" data-vce-do-apply=\"padding margin  el-17948927\"><div class=\"vce-google-fonts-heading vce-google-fonts-heading--align-center vce-google-fonts-heading--color-b-255-255-255--45--5C00FF--FF7200\"><div class=\"vce-google-fonts-heading-wrapper\"><div class=\"vce-google-fonts-heading--background vce\" id=\"el-530151d5\" data-vce-do-apply=\"border background  padding margin el-530151d5\"><h1 class=\"vce-google-fonts-heading-inner\" style=\"font-size: 18px; font-family: Lato; font-weight: 700;\">Information about cookies<\/h1><\/div><\/div><\/div><\/div><\/div><\/div><\/div><\/div><div class=\"vce-row-container\"><div class=\"vce-row vce-row--col-gap-30 vce-row-columns--top vce-row-content--top\" id=\"el-ec937e65\" data-vce-do-apply=\"all el-ec937e65\"><div class=\"vce-row-content\" data-vce-element-content=\"true\"><div class=\"vce-col vce-col--md-100p vce-col--xs-1 vce-col--xs-last vce-col--xs-first vce-col--sm-last vce-col--sm-first vce-col--md-last vce-col--lg-last vce-col--xl-last vce-col--md-first vce-col--lg-first vce-col--xl-first\" id=\"el-c9a9a2dd\" data-vce-do-apply=\"background border el-c9a9a2dd\"><div class=\"vce-col-inner\" data-vce-element-content=\"true\" data-vce-do-apply=\"padding margin  el-c9a9a2dd\"><div class=\"vce-text-block\"><div class=\"vce-text-block-wrapper vce\" id=\"el-e37d67c0\" data-vce-do-apply=\"all el-e37d67c0\" data-vce-animate=\"vce-o-animate--fadeIn\"><h2 style=\"text-align: center;\"><b>Information about cookies<br><\/b><\/h2><p>Polityka plik\u00f3w \u201ccookies\u201d serwisu ThaiSun.pl<\/p><ol><li>&nbsp;&nbsp;&nbsp;Poprzez pliki \u201ccookies\u201d nale\u017cy rozumie\u0107 dane informatyczne przechowywane w urz\u0105dzeniach ko\u0144cowych u\u017cytkownik\u00f3w, przeznaczone do korzystania ze stron internetowych. W szczeg\u00f3lno\u015bci s\u0105 to pliki tekstowe, zawieraj\u0105ce nazw\u0119 strony internetowej, z kt\u00f3rej pochodz\u0105, czas przechowywania ich na urz\u0105dzeniu ko\u0144cowym oraz unikalny numer.<\/li><li>&nbsp;&nbsp;&nbsp;Serwis ThaiSun.pl nie zbiera w spos\u00f3b automatyczny \u017cadnych informacji, z wyj\u0105tkiem informacji zawartych w plikach cookies.<\/li><li>&nbsp;&nbsp;&nbsp;Pliki cookies przeznaczone s\u0105 do korzystania ze stron serwisu. Operator wykorzystuje te pliki do:<ol><li>mo\u017cliwo\u015bci logowania i utrzymywania sesji u\u017cytkownika na ka\u017cdej kolejnej stronie serwisu<\/li><li>dopasowania zawarto\u015bci strony internetowej do indywidualnych preferencji u\u017cytkownika, przede wszystkim pliki te rozpoznaj\u0105 jego urz\u0105dzenie, aby zgodnie z jego preferencjami wy\u015bwietli\u0107 stron\u0119<\/li><li>do tworzenia anonimowych statystyk z wy\u0142\u0105czeniem mo\u017cliwo\u015bci identyfikacji u\u017cytkownika.<\/li><\/ol><\/li><li>Pliki cookies wykorzystywane przez partner\u00f3w operatora strony internetowej, w tym w szczeg\u00f3lno\u015bci u\u017cytkownik\u00f3w strony internetowej, podlegaj\u0105 ich w\u0142asnej polityce prywatno\u015bci.<\/li><li>W trosce o bezpiecze\u0144stwo powierzonych nam danych opracowali\u015bmy wewn\u0119trzne procedury i zalecenia, kt\u00f3re maj\u0105 zapobiec udost\u0119pnieniu danych osobom nieupowa\u017cnionym. Kontrolujemy ich wykonywanie i stale sprawdzamy ich zgodno\u015b\u0107 z odpowiednimi aktami prawnymi - ustaw\u0105 o ochronie danych osobowych, ustaw\u0105 o \u015bwiadczeniu us\u0142ug drog\u0105 elektroniczn\u0105, a tak\u017ce wszelkiego rodzaju aktach wykonawczych i aktach prawa wsp\u00f3lnotowego<\/li><li>Standardowo oprogramowanie s\u0142u\u017c\u0105ce do przegl\u0105dania stron internetowych domy\u015blnie dopuszcza umieszczanie plik\u00f3w cookies na urz\u0105dzeniu ko\u0144cowym U\u017cytkownika. Ustawienia te mog\u0105 zosta\u0107 zmienione przez U\u017cytkownika w taki spos\u00f3b, aby blokowa\u0107 automatyczn\u0105 obs\u0142ug\u0119 \u201ccookies\u201d w ustawieniach przegl\u0105darki internetowej b\u0105d\u017a informowa\u0107 o ich ka\u017cdorazowym przes\u0142aniu na urz\u0105dzenia u\u017cytkownika.<\/li><li>U\u017cytkownicy Serwisu mog\u0105 dokona\u0107 w ka\u017cdym czasie zmiany ustawie\u0144 dotycz\u0105cych plik\u00f3w cookies. Szczeg\u00f3\u0142owe informacje o mo\u017cliwo\u015bci i sposobach obs\u0142ugi plik\u00f3w cookies dost\u0119pne s\u0105 w ustawieniach oprogramowania (przegl\u0105darki internetowej).<\/li><\/ol><p>&nbsp;&nbsp;&nbsp; Przyk\u0142adowe opcje edytowania w popularnych przegl\u0105darkach:<\/p><ul><li>Mozilla Firefox:<a href=\"https:\/\/www.support.mozilla.org\/pl\/kb\/ciasteczka\"> www.support.mozilla.org\/pl\/kb\/ciasteczka<\/a><\/li><li>Internet Explorer:<a href=\"https:\/\/www.support.microsoft.com\/kb\/278835\/pl\"> www.support.microsoft.com\/kb\/278835\/pl<\/a><\/li><li>Google Chrome:<a href=\"https:\/\/www.support.google.com\/chrome\/bin\/answer.py?hl=pl&amp;answer=95647\"> www.support.google.com\/chrome\/bin\/answer.py?hl=pl&amp;answer=95647<\/a><\/li><li>Safari:<a href=\"https:\/\/www.safari.helpmax.net\/pl\/oszczedzanie-czasu\/blokowanie-zawartosci\/\"> www.safari.helpmax.net\/pl\/oszczedzanie-czasu\/blokowanie-zawartosci\/<\/a><\/li><\/ul><ol start=\"8\"><li>Operator Serwisu informuje, \u017ce zmiany ustawie\u0144 w przegl\u0105darce internetowej u\u017cytkownika mog\u0105 uniemo\u017cliwi\u0107 poprawne dzia\u0142anie Stron Internetowych.<\/li><\/ol><\/div><\/div><\/div><\/div><\/div><\/div><\/div>\n","protected":false},"excerpt":{"rendered":"<p>Information about cookiesInformation about cookiesPolityka plik\u00f3w \u201ccookies\u201d serwisu ThaiSun.pl&nbsp;&nbsp;&nbsp;Poprzez pliki \u201ccookies\u201d nale\u017cy rozumie\u0107 dane informatyczne przechowywane w urz\u0105dzeniach ko\u0144cowych u\u017cytkownik\u00f3w, przeznaczone do korzystania ze stron internetowych. W szczeg\u00f3lno\u015bci s\u0105 to pliki tekstowe, zawieraj\u0105ce nazw\u0119 strony internetowej, z kt\u00f3rej pochodz\u0105, czas przechowywania ich na urz\u0105dzeniu ko\u0144cowym oraz unikalny numer.&nbsp;&nbsp;&nbsp;Serwis ThaiSun.pl nie zbiera w spos\u00f3b automatyczny \u017cadnych [&hellip;]<\/p>\n","protected":false},"author":8,"featured_media":0,"parent":0,"menu_order":0,"comment_status":"closed","ping_status":"closed","template":"","meta":{"footnotes":""},"class_list":["post-3453","page","type-page","status-publish","hentry"],"aioseo_notices":[],"_links":{"self":[{"href":"https:\/\/new.thaisun.pl\/en\/wp-json\/wp\/v2\/pages\/3453","targetHints":{"allow":["GET"]}}],"collection":[{"href":"https:\/\/new.thaisun.pl\/en\/wp-json\/wp\/v2\/pages"}],"about":[{"href":"https:\/\/new.thaisun.pl\/en\/wp-json\/wp\/v2\/types\/page"}],"author":[{"embeddable":true,"href":"https:\/\/new.thaisun.pl\/en\/wp-json\/wp\/v2\/users\/8"}],"replies":[{"embeddable":true,"href":"https:\/\/new.thaisun.pl\/en\/wp-json\/wp\/v2\/comments?post=3453"}],"version-history":[{"count":0,"href":"https:\/\/new.thaisun.pl\/en\/wp-json\/wp\/v2\/pages\/3453\/revisions"}],"wp:attachment":[{"href":"https:\/\/new.thaisun.pl\/en\/wp-json\/wp\/v2\/media?parent=3453"}],"curies":[{"name":"wp","href":"https:\/\/api.w.org\/{rel}","templated":true}]}}