{"id":3445,"date":"2019-01-15T06:43:24","date_gmt":"2019-01-15T06:43:24","guid":{"rendered":"http:\/\/thaisun.pl\/?page_id=3445"},"modified":"2019-01-15T06:44:21","modified_gmt":"2019-01-15T06:44:21","slug":"regulamin-strony-thaisun","status":"publish","type":"page","link":"https:\/\/new.thaisun.pl\/en\/regulamin-strony-thaisun\/","title":{"rendered":"Regulamin strony ThaiSun"},"content":{"rendered":"<div class=\"vce-row-container\"><div class=\"vce-row vce-element--has-background vce-row--col-gap-30 vce-row-columns--top vce-row-content--top\" data-vce-full-width=\"true\" id=\"el-61a0bf85\" data-vce-do-apply=\"all el-61a0bf85\"><div class=\"vce-content-background-container\"><div class=\"vce-asset-background-simple-container vce-visible-all-only vce-asset-background-simple--style-cover vce-asset-background-simple--position-center-top\"><div class=\"vce-asset-background-simple\"><div class=\"vce-asset-background-simple-item\" style=\"background-image: url('https:\/\/new.thaisun.pl\/wp-content\/uploads\/2018\/11\/siec-salonow-masazu-thaisun.jpg');\"><\/div><div class=\"vce-asset-background-simple-item\" style=\"background-image: url('https:\/\/new.thaisun.pl\/wp-content\/uploads\/2018\/11\/bambus-2.jpg');\"><\/div><\/div><\/div><\/div><div class=\"vce-row-content\" data-vce-element-content=\"true\" style=\"padding-left: 150px; padding-right: 150px;\"><div class=\"vce-col vce-col--md-auto vce-col--xs-1 vce-col--xs-last vce-col--xs-first vce-col--sm-last vce-col--sm-first vce-col--md-last vce-col--lg-last vce-col--xl-last vce-col--md-first vce-col--lg-first vce-col--xl-first\" id=\"el-fe209425\" data-vce-do-apply=\"background border el-fe209425\"><div class=\"vce-col-inner\" data-vce-element-content=\"true\" data-vce-do-apply=\"padding margin  el-fe209425\"><div class=\"vce-google-fonts-heading vce-google-fonts-heading--align-center vce-google-fonts-heading--color-b-255-255-255--45--5C00FF--FF7200\"><div class=\"vce-google-fonts-heading-wrapper\"><div class=\"vce-google-fonts-heading--background vce\" id=\"el-2081bf1d\" data-vce-do-apply=\"border background  padding margin el-2081bf1d\"><h1 class=\"vce-google-fonts-heading-inner\" style=\"font-size: 18px; font-family: Lato; font-weight: 700;\">Regulamin strony ThaiSun<\/h1><\/div><\/div><\/div><\/div><\/div><\/div><\/div><\/div><div class=\"vce-row-container\"><div class=\"vce-row vce-row--col-gap-30 vce-row-columns--top vce-row-content--top\" id=\"el-bd278743\" data-vce-do-apply=\"all el-bd278743\"><div class=\"vce-row-content\" data-vce-element-content=\"true\"><div class=\"vce-col vce-col--md-auto vce-col--xs-1 vce-col--xs-last vce-col--xs-first vce-col--sm-last vce-col--sm-first vce-col--md-last vce-col--lg-last vce-col--xl-last vce-col--md-first vce-col--lg-first vce-col--xl-first\" id=\"el-22b7b921\" data-vce-do-apply=\"background border el-22b7b921\"><div class=\"vce-col-inner\" data-vce-element-content=\"true\" data-vce-do-apply=\"padding margin  el-22b7b921\"><div class=\"vce-text-block\"><div class=\"vce-text-block-wrapper vce\" id=\"el-a07cf200\" data-vce-do-apply=\"all el-a07cf200\" data-vce-animate=\"vce-o-animate--fadeIn\"><h2 style=\"text-align: center;\"><b>Regulamin strony ThaiSun<\/b><\/h2><p>Regulamin:<\/p><ol><li>Postanowienia og\u00f3lne<\/li><li>Definicje<\/li><li>Rodzaj i zakres us\u0142ug elektronicznych<\/li><li>Warunki \u015bwiadczenia i zawierania um\u00f3w o \u015bwiadczenie us\u0142ug elektronicznych<\/li><li>Warunki rozwi\u0105zania um\u00f3w o \u015bwiadczenie us\u0142ug elektronicznych<\/li><li>Tryb post\u0119powania reklamacyjnego<\/li><li>W\u0142asno\u015b\u0107 intelektualna<\/li><li>Postanowienia ko\u0144cowe<\/li><\/ol><ol><li>POSTANOWIENIA OG\u00d3LNE<ol><li>Strona thaisun.pl dzia\u0142a na zasadach okre\u015blonych w niniejszym Regulaminie.<\/li><li>Regulamin okre\u015bla rodzaje i zakres us\u0142ug \u015bwiadczonych drog\u0105 elektroniczn\u0105 przez Stron\u0119 thaisun.pl, zasady \u015bwiadczenia tych us\u0142ug, warunki zawierania i rozwi\u0105zywania um\u00f3w o \u015bwiadczenie us\u0142ug drog\u0105 elektroniczn\u0105, a tak\u017ce tryb post\u0119powania reklamacyjnego.<\/li><li>Regulamin okre\u015bla rodzaje i zakres us\u0142ug \u015bwiadczonych drog\u0105 elektroniczn\u0105 przez Stron\u0119 thaisun.pl, zasady \u015bwiadczenia tych us\u0142ug, warunki zawierania i rozwi\u0105zywania um\u00f3w o \u015bwiadczenie us\u0142ug drog\u0105 elektroniczn\u0105, a tak\u017ce tryb post\u0119powania reklamacyjnego.<\/li><li>Ka\u017cdy Us\u0142ugobiorca z chwil\u0105 podj\u0119cia czynno\u015bci zmierzaj\u0105cych do korzystania z Us\u0142ug Elektronicznych Strony thaisun.pl, zobowi\u0105zany jest do przestrzegania postanowie\u0144 niniejszego Regulaminu.<\/li><li>W sprawach nieuregulowanych w niniejszym Regulaminie maj\u0105 zastosowanie przepisy<ol><li>Ustawy o \u015bwiadczeniu us\u0142ug drog\u0105 elektroniczn\u0105 z dnia 18 lipca 2002 r. (Dz. U. Nr 144, poz. 1204 ze zm.),<\/li><li>Ustawy o prawach konsumenta z dnia 30 maja 2014 r. (Dz. U. 2014 poz. 827),<\/li><li>Ustawy Kodeks cywilny z dnia 23 kwietnia 1964 r. (Dz. U. nr 16, poz. 93 ze zm.) oraz inne w\u0142a\u015bciwe przepisy prawa polskiego.<\/li><\/ol><\/li><\/ol><\/li><li>DEFINICJE<ol><li>FORMULARZ KONTAKTOWY \u2013 formularz dost\u0119pny na Stronie thaisun.pl umo\u017cliwiaj\u0105cy Us\u0142ugobiorcy bezpo\u015bredni kontakt z Us\u0142ugodawc\u0105.<\/li><li>REGULAMIN - niniejszy regulamin Strony.<\/li><li>US\u0141UGODAWCA \u2013 <b>Marcin Bober<\/b> wykonuj\u0105cy\/a dzia\u0142alno\u015b\u0107 gospodarcz\u0105 pod firm\u0105 <b>ThaiSun Marcin Bober<\/b>, adres siedziby: \u0141ucka 20\/1402, adres do dor\u0119cze\u0144: \u0141ucka 20\/1402, NIP: 8132972201, REGON: 180118101, wpisan\u0105 do Centralnej Ewidencji i Informacji o Dzia\u0142alno\u015bci Gospodarczej, adres poczty elektronicznej: salon@thaisun.pl, tel. 513932221.<\/li><li>US\u0141UGOBIORCA \u2013 osoba fizyczna, osoba prawna albo jednostka organizacyjna nieposiadaj\u0105ca osobowo\u015bci prawnej, kt\u00f3rej ustawa przyznaje zdolno\u015b\u0107 prawn\u0105 korzystaj\u0105ca z Us\u0142ugi Elektronicznej.<\/li><li>US\u0141UGA ELEKTRONICZNA \u2013 us\u0142uga \u015bwiadczona drog\u0105 elektroniczn\u0105 przez Us\u0142ugodawc\u0119 na rzecz Us\u0142ugobiorcy za po\u015brednictwem Strony.<\/li><li>NEWSLETTER \u2013 Us\u0142uga Elektroniczna pozwalaj\u0105ca Us\u0142ugobiorcy na subskrybowanie i otrzymywanie na podany przez Us\u0142ugobiorc\u0119 adres e-mail bezp\u0142atnych informacji pochodz\u0105cych od Us\u0142ugodawcy.<\/li><\/ol><\/li><li>RODZAJ I ZAKRES US\u0141UG ELEKTRONICZNYCH<ol><li>Us\u0142ugodawca umo\u017cliwia za po\u015brednictwem Strony korzystanie z Us\u0142ug Elektronicznych takich jak:<ol><li>korzystanie z Formularza Kontaktowego,<\/li><li>korzystanie z Newslettera,<\/li><\/ol><\/li><li>\u015awiadczenie Us\u0142ug Elektronicznych na rzecz Us\u0142ugobiorc\u00f3w odbywa si\u0119 na warunkach okre\u015blonych w Regulaminie.<\/li><\/ol><\/li><li>WARUNKI \u015aWIADCZENIA I ZAWIERANIA UM\u00d3W O \u015aWIADCZENIE US\u0141UG ELEKTRONICZNYCH<ol><li>\u015awiadczenie Us\u0142ug Elektronicznych okre\u015blonych w rozdziale III pkt. 1 Regulaminu przez Us\u0142ugodawc\u0119 jest nieodp\u0142atne.<\/li><li>Okres na jaki umowa zostaje zawarta:<ol><li>umowa o \u015bwiadczenie Us\u0142ugi Elektronicznej polegaj\u0105cej na umo\u017cliwieniu wys\u0142ania wiadomo\u015bci za po\u015brednictwem Formularza Kontaktowego zawierana jest na czas oznaczony i ulega rozwi\u0105zaniu z chwil\u0105 wys\u0142ania wiadomo\u015bci albo zaprzestania jej wysy\u0142ania przez Us\u0142ugobiorc\u0119.<\/li><li>umowa o \u015bwiadczenie Us\u0142ugi Elektronicznej polegaj\u0105cej na korzystaniu z Newslettera zawierana jest na czas nieoznaczony.<\/li><\/ol><\/li><li>Wymagania techniczne niezb\u0119dne do wsp\u00f3\u0142pracy z systemem teleinformatycznym, kt\u00f3rym pos\u0142uguje si\u0119 Us\u0142ugodawca:<ol><li>komputer z dost\u0119pem do Internetu,<\/li><li>dost\u0119p do poczty elektronicznej,<\/li><li>przegl\u0105darka internetowa,<\/li><li>w\u0142\u0105czenie w przegl\u0105darce internetowej Cookies oraz Javascript.<\/li><\/ol><\/li><li>Us\u0142ugobiorca zobowi\u0105zany jest do korzystania ze Strony w spos\u00f3b zgodny z prawem i dobrymi obyczajami maj\u0105c na uwadze poszanowanie d\u00f3br osobistych i praw w\u0142asno\u015bci intelektualnej os\u00f3b trzecich.<\/li><li>Us\u0142ugobiorca zobowi\u0105zany jest do wprowadzania danych zgodnych ze stanem faktycznym.<\/li><li>Us\u0142ugobiorc\u0119 obowi\u0105zuje zakaz dostarczania tre\u015bci o charakterze bezprawnym.<\/li><\/ol><\/li><li>WARUNKI ROZWI\u0104ZYWANIA UM\u00d3W O \u015aWIADCZENIE US\u0141UG ELEKTRONICZNYCH<ol><li>Wypowiedzenie umowy o \u015bwiadczenie Us\u0142ugi Elektronicznej:<ol><li>Wypowiedzeniu mo\u017ce ulec umowa o \u015bwiadczenie Us\u0142ugi Elektronicznej o charakterze ci\u0105g\u0142ym i bezterminowym (np. korzystanie z Newslettera).<\/li><li>Us\u0142ugobiorca mo\u017ce wypowiedzie\u0107 umow\u0119 ze skutkiem natychmiastowym i bez wskazywania przyczyn poprzez przes\u0142anie stosownego o\u015bwiadczenia za po\u015brednictwem poczty elektronicznej na adres: salon@thaisun.pl<\/li><li>Us\u0142ugodawca mo\u017ce wypowiedzie\u0107 umow\u0119 o \u015bwiadczenie Us\u0142ugi Elektronicznej o charakterze ci\u0105g\u0142ym i bezterminowym w przypadku, gdy Us\u0142ugobiorca narusza Regulamin, w szczeg\u00f3lno\u015bci, gdy dostarcza tre\u015bci o charakterze bezprawnym po bezskutecznym wcze\u015bniejszym wezwaniu do zaprzestania narusze\u0144 z wyznaczeniem odpowiedniego terminu. Umowa w takim wypadku wygasa po up\u0142ywie 7 dni od dnia z\u0142o\u017cenia o\u015bwiadczenia woli o jej wypowiedzeniu (okres wypowiedzenia).<\/li><li>Wypowiedzenie prowadzi do ustania stosunku prawnego ze skutkiem na przysz\u0142o\u015b\u0107.<\/li><\/ol><\/li><li>Us\u0142ugodawca i Us\u0142ugobiorca mog\u0105 rozwi\u0105za\u0107 umow\u0119 o \u015bwiadczenie Us\u0142ugi Elektronicznej w ka\u017cdym czasie w drodze porozumienia stron.<\/li><\/ol><\/li><li>TRYB POST\u0118POWANIA REKLAMACYJNEGO<ol><li>Reklamacje zwi\u0105zane ze \u015bwiadczeniem Us\u0142ug Elektronicznych przez Us\u0142ugodawc\u0119:<ol><li>Reklamacje zwi\u0105zane ze \u015bwiadczeniem Us\u0142ug Elektronicznych za po\u015brednictwem Strony Us\u0142ugobiorca mo\u017ce sk\u0142ada\u0107 za po\u015brednictwem poczty elektronicznej na adres: salon@thaisun.pl<\/li><li>W powy\u017cszej wiadomo\u015bci e-mail, nale\u017cy poda\u0107 jak najwi\u0119cej informacji i okoliczno\u015bci dotycz\u0105cych przedmiotu reklamacji, w szczeg\u00f3lno\u015bci rodzaj i dat\u0119 wyst\u0105pienia nieprawid\u0142owo\u015bci oraz dane kontaktowe. Podane informacje znacznie u\u0142atwi\u0105 i przyspiesz\u0105 rozpatrzenie reklamacji przez Us\u0142ugodawc\u0119.<\/li><li>Rozpatrzenie reklamacji przez Us\u0142ugodawc\u0119 nast\u0119puje niezw\u0142ocznie, nie p\u00f3\u017aniej ni\u017c w terminie 14 dni.<\/li><li>Odpowied\u017a Us\u0142ugodawcy w sprawie reklamacji jest wysy\u0142ana na adres e-mail Us\u0142ugobiorcy podany w zg\u0142oszeniu reklamacyjnym lub w inny podany przez Us\u0142ugobiorc\u0119 spos\u00f3b.<\/li><\/ol><\/li><\/ol><\/li><li>W\u0141ASNO\u015a\u0106 INTELEKTUALNA<ol><li>Wszystkie tre\u015bci zamieszczone na stronie internetowej pod adresem thaisun.pl korzystaj\u0105 z ochrony prawno autorskiej i s\u0105 w\u0142asno\u015bci\u0105 thaisun.pl Us\u0142ugobiorca ponosi pe\u0142n\u0105 odpowiedzialno\u015b\u0107 za szkod\u0119 wyrz\u0105dzon\u0105 Us\u0142ugodawcy, b\u0119d\u0105c\u0105 nast\u0119pstwem u\u017cycia jakiejkolwiek zawarto\u015bci strony thaisun.pl, bez zgody Us\u0142ugodawcy.<\/li><li>Jakiekolwiek wykorzystanie przez kogokolwiek, bez wyra\u017anej pisemnej zgody Us\u0142ugodawcy, kt\u00f3regokolwiek z element\u00f3w sk\u0142adaj\u0105cych si\u0119 na tre\u015b\u0107 oraz zawarto\u015b\u0107 strony thaisun.pl stanowi naruszenie prawa autorskiego przys\u0142uguj\u0105cego Us\u0142ugodawcy i skutkuje odpowiedzialno\u015bci\u0105 cywilnoprawn\u0105 oraz karn\u0105.<\/li><\/ol><\/li><li>POSTANOWIENIA KO\u0143COWE<ol><li>Umowy zawierane za po\u015brednictwem Strony zawierane s\u0105 zgodnie z prawem polskim.<\/li><li>W przypadku niezgodno\u015bci jakiejkolwiek cz\u0119\u015bci Regulaminu z obowi\u0105zuj\u0105cym prawem, w miejsce zakwestionowanego przepisu Regulaminu zastosowanie maj\u0105 w\u0142a\u015bciwe przepisy prawa polskiego.<\/li><\/ol><\/li><\/ol><\/div><\/div><\/div><\/div><\/div><\/div><\/div>\n","protected":false},"excerpt":{"rendered":"<p>Regulamin strony ThaiSunRegulamin strony ThaiSunRegulamin:Postanowienia og\u00f3lneDefinicjeRodzaj i zakres us\u0142ug elektronicznychWarunki \u015bwiadczenia i zawierania um\u00f3w o \u015bwiadczenie us\u0142ug elektronicznychWarunki rozwi\u0105zania um\u00f3w o \u015bwiadczenie us\u0142ug elektronicznychTryb post\u0119powania reklamacyjnegoW\u0142asno\u015b\u0107 intelektualnaPostanowienia ko\u0144cowePOSTANOWIENIA OG\u00d3LNEStrona thaisun.pl dzia\u0142a na zasadach okre\u015blonych w niniejszym Regulaminie.Regulamin okre\u015bla rodzaje i zakres us\u0142ug \u015bwiadczonych drog\u0105 elektroniczn\u0105 przez Stron\u0119 thaisun.pl, zasady \u015bwiadczenia tych us\u0142ug, warunki zawierania i [&hellip;]<\/p>\n","protected":false},"author":8,"featured_media":0,"parent":0,"menu_order":0,"comment_status":"closed","ping_status":"closed","template":"","meta":{"footnotes":""},"class_list":["post-3445","page","type-page","status-publish","hentry"],"aioseo_notices":[],"_links":{"self":[{"href":"https:\/\/new.thaisun.pl\/en\/wp-json\/wp\/v2\/pages\/3445","targetHints":{"allow":["GET"]}}],"collection":[{"href":"https:\/\/new.thaisun.pl\/en\/wp-json\/wp\/v2\/pages"}],"about":[{"href":"https:\/\/new.thaisun.pl\/en\/wp-json\/wp\/v2\/types\/page"}],"author":[{"embeddable":true,"href":"https:\/\/new.thaisun.pl\/en\/wp-json\/wp\/v2\/users\/8"}],"replies":[{"embeddable":true,"href":"https:\/\/new.thaisun.pl\/en\/wp-json\/wp\/v2\/comments?post=3445"}],"version-history":[{"count":0,"href":"https:\/\/new.thaisun.pl\/en\/wp-json\/wp\/v2\/pages\/3445\/revisions"}],"wp:attachment":[{"href":"https:\/\/new.thaisun.pl\/en\/wp-json\/wp\/v2\/media?parent=3445"}],"curies":[{"name":"wp","href":"https:\/\/api.w.org\/{rel}","templated":true}]}}